{"id":2685,"date":"2024-05-24T14:41:29","date_gmt":"2024-05-24T14:41:29","guid":{"rendered":"https:\/\/www.kollen.design\/product\/loop-ring-module\/"},"modified":"2025-01-28T11:23:40","modified_gmt":"2025-01-28T11:23:40","slug":"loop-ring-module","status":"publish","type":"product","link":"https:\/\/www.kollen.design\/es\/product\/loop-ring-module\/","title":{"rendered":"Loop Ring Module"},"content":{"rendered":"","protected":false},"excerpt":{"rendered":"<p>M\u00f3dulo cil\u00edndrico de madera de haya, de 10 cm de di\u00e1metro, con barniz natural, compuesto por varilla roscada, arandela y gancho de acero inoxidable blanco. <\/p>\n<div id=\"gtx-trans\" style=\"position: absolute; left: 196px; top: -9px;\">\n<div class=\"gtx-trans-icon\"><\/div>\n<\/div>\n","protected":false},"featured_media":2088,"template":"","meta":{"_acf_changed":false,"_seopress_robots_primary_cat":"","_seopress_titles_title":"","_seopress_titles_desc":"","_seopress_robots_index":"","_mo_disable_npp":"","inline_featured_image":false},"product_brand":[],"product_cat":[47],"product_tag":[],"class_list":{"0":"post-2685","1":"product","2":"type-product","3":"status-publish","4":"has-post-thumbnail","6":"product_cat-loop-accessories-es","8":"first","9":"instock","10":"taxable","11":"shipping-taxable","12":"purchasable","13":"product-type-simple"},"acf":[],"_links":{"self":[{"href":"https:\/\/www.kollen.design\/es\/wp-json\/wp\/v2\/product\/2685","targetHints":{"allow":["GET"]}}],"collection":[{"href":"https:\/\/www.kollen.design\/es\/wp-json\/wp\/v2\/product"}],"about":[{"href":"https:\/\/www.kollen.design\/es\/wp-json\/wp\/v2\/types\/product"}],"wp:featuredmedia":[{"embeddable":true,"href":"https:\/\/www.kollen.design\/es\/wp-json\/wp\/v2\/media\/2088"}],"wp:attachment":[{"href":"https:\/\/www.kollen.design\/es\/wp-json\/wp\/v2\/media?parent=2685"}],"wp:term":[{"taxonomy":"product_brand","embeddable":true,"href":"https:\/\/www.kollen.design\/es\/wp-json\/wp\/v2\/product_brand?post=2685"},{"taxonomy":"product_cat","embeddable":true,"href":"https:\/\/www.kollen.design\/es\/wp-json\/wp\/v2\/product_cat?post=2685"},{"taxonomy":"product_tag","embeddable":true,"href":"https:\/\/www.kollen.design\/es\/wp-json\/wp\/v2\/product_tag?post=2685"}],"curies":[{"name":"wp","href":"https:\/\/api.w.org\/{rel}","templated":true}]}}