{"id":2682,"date":"2024-05-08T07:19:33","date_gmt":"2024-05-08T07:19:33","guid":{"rendered":"https:\/\/www.kollen.design\/product\/loop-wall\/"},"modified":"2025-01-28T11:20:26","modified_gmt":"2025-01-28T11:20:26","slug":"loop-wall","status":"publish","type":"product","link":"https:\/\/www.kollen.design\/es\/product\/loop-wall\/","title":{"rendered":"Loop Wall"},"content":{"rendered":"","protected":false},"excerpt":{"rendered":"<p>K\u00f6llen Loop es un perchero modular e interactivo cuya estructura puede adaptarse a las necesidades del usuario. El producto surge del inter\u00e9s por la observaci\u00f3n y la forma en que entendemos el mobiliario hoy en d\u00eda (y la rigidez que presenta). Se ha considerado su funcionalidad y su est\u00e9tica, uniendo ambos conceptos para lograr un h\u00edbrido entre la forma y la funci\u00f3n que debe cumplir.<\/p>\n","protected":false},"featured_media":2082,"template":"","meta":{"_acf_changed":false,"_seopress_robots_primary_cat":"","_seopress_titles_title":"","_seopress_titles_desc":"","_seopress_robots_index":"","_mo_disable_npp":"","inline_featured_image":false},"product_brand":[],"product_cat":[46],"product_tag":[],"class_list":{"0":"post-2682","1":"product","2":"type-product","3":"status-publish","4":"has-post-thumbnail","6":"product_cat-hanger-es","8":"first","9":"instock","10":"taxable","11":"shipping-taxable","12":"purchasable","13":"product-type-simple"},"acf":[],"_links":{"self":[{"href":"https:\/\/www.kollen.design\/es\/wp-json\/wp\/v2\/product\/2682","targetHints":{"allow":["GET"]}}],"collection":[{"href":"https:\/\/www.kollen.design\/es\/wp-json\/wp\/v2\/product"}],"about":[{"href":"https:\/\/www.kollen.design\/es\/wp-json\/wp\/v2\/types\/product"}],"wp:featuredmedia":[{"embeddable":true,"href":"https:\/\/www.kollen.design\/es\/wp-json\/wp\/v2\/media\/2082"}],"wp:attachment":[{"href":"https:\/\/www.kollen.design\/es\/wp-json\/wp\/v2\/media?parent=2682"}],"wp:term":[{"taxonomy":"product_brand","embeddable":true,"href":"https:\/\/www.kollen.design\/es\/wp-json\/wp\/v2\/product_brand?post=2682"},{"taxonomy":"product_cat","embeddable":true,"href":"https:\/\/www.kollen.design\/es\/wp-json\/wp\/v2\/product_cat?post=2682"},{"taxonomy":"product_tag","embeddable":true,"href":"https:\/\/www.kollen.design\/es\/wp-json\/wp\/v2\/product_tag?post=2682"}],"curies":[{"name":"wp","href":"https:\/\/api.w.org\/{rel}","templated":true}]}}