{"id":2680,"date":"2024-05-05T16:33:42","date_gmt":"2024-05-05T16:33:42","guid":{"rendered":"https:\/\/www.kollen.design\/product\/one-bookshelf\/"},"modified":"2025-01-28T11:18:13","modified_gmt":"2025-01-28T11:18:13","slug":"one-bookshelf","status":"publish","type":"product","link":"https:\/\/www.kollen.design\/es\/product\/one-bookshelf\/","title":{"rendered":"One Bookshelf"},"content":{"rendered":"","protected":false},"excerpt":{"rendered":"<p>Sofisticada estanter\u00eda creada a partir de la repetici\u00f3n de piezas adaptables en funci\u00f3n del tama\u00f1o y la forma de los objetos que se dispongan. Su estructura aut\u00f3noma permite un funcionamiento independiente de cada una de las piezas, de modo que pueden colocarse en distintas posiciones seg\u00fan las necesidades del usuario.<\/p>\n","protected":false},"featured_media":2780,"template":"","meta":{"_acf_changed":false,"_seopress_robots_primary_cat":"","_seopress_titles_title":"","_seopress_titles_desc":"","_seopress_robots_index":"","_mo_disable_npp":"","inline_featured_image":false},"product_brand":[],"product_cat":[45,48],"product_tag":[],"class_list":{"0":"post-2680","1":"product","2":"type-product","3":"status-publish","4":"has-post-thumbnail","6":"product_cat-bookshelf-es","7":"product_cat-sin-categoria-es","9":"first","10":"instock","11":"taxable","12":"shipping-taxable","13":"purchasable","14":"product-type-simple"},"acf":[],"_links":{"self":[{"href":"https:\/\/www.kollen.design\/es\/wp-json\/wp\/v2\/product\/2680","targetHints":{"allow":["GET"]}}],"collection":[{"href":"https:\/\/www.kollen.design\/es\/wp-json\/wp\/v2\/product"}],"about":[{"href":"https:\/\/www.kollen.design\/es\/wp-json\/wp\/v2\/types\/product"}],"wp:featuredmedia":[{"embeddable":true,"href":"https:\/\/www.kollen.design\/es\/wp-json\/wp\/v2\/media\/2780"}],"wp:attachment":[{"href":"https:\/\/www.kollen.design\/es\/wp-json\/wp\/v2\/media?parent=2680"}],"wp:term":[{"taxonomy":"product_brand","embeddable":true,"href":"https:\/\/www.kollen.design\/es\/wp-json\/wp\/v2\/product_brand?post=2680"},{"taxonomy":"product_cat","embeddable":true,"href":"https:\/\/www.kollen.design\/es\/wp-json\/wp\/v2\/product_cat?post=2680"},{"taxonomy":"product_tag","embeddable":true,"href":"https:\/\/www.kollen.design\/es\/wp-json\/wp\/v2\/product_tag?post=2680"}],"curies":[{"name":"wp","href":"https:\/\/api.w.org\/{rel}","templated":true}]}}