{"id":2655,"date":"2024-06-07T11:25:48","date_gmt":"2024-06-07T11:25:48","guid":{"rendered":"https:\/\/www.kollen.design\/aviso-legal\/"},"modified":"2025-01-28T10:05:34","modified_gmt":"2025-01-28T10:05:34","slug":"aviso-legal","status":"publish","type":"page","link":"https:\/\/www.kollen.design\/es\/aviso-legal\/","title":{"rendered":"Av\u00edso legal"},"content":{"rendered":"\t\t<div data-elementor-type=\"wp-page\" data-elementor-id=\"2655\" class=\"elementor elementor-2655 elementor-1605\" data-elementor-post-type=\"page\">\n\t\t\t\t<div class=\"elementor-element elementor-element-423f6f4 e-flex e-con-boxed e-con e-parent\" data-id=\"423f6f4\" data-element_type=\"container\" data-e-type=\"container\">\n\t\t\t\t\t<div class=\"e-con-inner\">\n\t\t\t\t<div class=\"elementor-element elementor-element-5a1a8f4 elementor-widget elementor-widget-heading\" data-id=\"5a1a8f4\" data-element_type=\"widget\" data-e-type=\"widget\" data-widget_type=\"heading.default\">\n\t\t\t\t<div class=\"elementor-widget-container\">\n\t\t\t\t\t<h2 class=\"elementor-heading-title elementor-size-default\">Av\u00edso legal<\/h2>\t\t\t\t<\/div>\n\t\t\t\t<\/div>\n\t\t\t\t<div class=\"elementor-element elementor-element-6fa997e elementor-widget elementor-widget-text-editor\" data-id=\"6fa997e\" data-element_type=\"widget\" data-e-type=\"widget\" data-widget_type=\"text-editor.default\">\n\t\t\t\t<div class=\"elementor-widget-container\">\n\t\t\t\t\t\t\t\t\t<p>Bienvenido a la p\u00e1gina web de Paula Terra Bosch (\u201cK\u00d6LLEN DESIGN).<\/p>\n<p>A continuaci\u00f3n, le exponemos las condiciones de uso de esta p\u00e1gina WEB. La navegaci\u00f3n por esta p\u00e1gina WEB le otorga el rol de usuario de la misma y, por tanto, acepta las cl\u00e1usulas detalladas en este documento.<\/p>\n<\/p>\n<hr class=\"wp-block-separator has-text-color has-background has-black-background-color has-black-color is-style-wide\">\n<p><strong>Identificaci\u00f3n<\/strong><\/p>\n<p>Paula Terra Bosch (\u201cK\u00d6LLEN DESIGN\u201d), provisto con NIF39395935V, direcci\u00f3n C\/ Era del Firmat, 50 2n 1a de Manresa (Barcelona) no puede asumir ninguna responsabilidad derivada del uso incorrecto, inapropiado o il\u00edcito de la informaci\u00f3n aparecida en la p\u00e1gina de Internet de <a href=\"https:\/\/www.kollen.design\/es\/\">www.kollen.design<\/a><\/p>\n<p>Con los l\u00edmites establecidos en la ley, Paula Terra Bosch no asume ninguna responsabilidad derivada de la falta de veracidad, integridad, actualizaci\u00f3n y precisi\u00f3n de los datos o informaciones que se contienen en sus p\u00e1ginas de Internet.<\/p>\n<p>Los contenidos e informaci\u00f3n no vinculan a Paula Terra Bosch ni constituyen opiniones, consejos o asesoramiento legal de ning\u00fan tipo pues se trata meramente de un servicio ofrecido con car\u00e1cter informativo y divulgativo.<\/p>\n<p>La p\u00e1gina de Internet <a href=\"https:\/\/www.kollen.design\/es\/\">www.kollen.design<\/a> puede contener enlaces (links) a otras p\u00e1ginas de terceras partes que Paula Terra Bosch no puede controlar. Por lo tanto, Paula Terra Bosch no puede asumir responsabilidades por el contenido que pueda aparecer en p\u00e1ginas de terceros.<\/p>\n<p>Los textos, im\u00e1genes, sonidos, animaciones, software y el resto de contenidos incluidos en este website son propiedad exclusiva de Paula Terra Bosch o sus licenciantes. Cualquier acto de transmisi\u00f3n, distribuci\u00f3n, cesi\u00f3n, reproducci\u00f3n, almacenamiento o comunicaci\u00f3n p\u00fablica total o parcial, debe contar con el consentimiento expreso de Paula Terra Bosch.<\/p>\n<p>Asimismo, para acceder a algunos de los servicios que Paula Terra Bosch ofrece a trav\u00e9s del website deber\u00e1 proporcionar algunos datos de car\u00e1cter personal. En cumplimiento de lo establecido en el Reglamento (UE) 2016\/679 del Parlamento Europeo y del Consejo, de 27 de abril de 2016, relativo a la protecci\u00f3n de las personas f\u00edsicas en lo que respecta al tratamiento de datos personales y a la libre circulaci\u00f3n de estos datos le informamos que, mediante la cumplimentaci\u00f3n de los presentes formularios, sus datos personales quedar\u00e1n incorporados y ser\u00e1n tratados en los ficheros de Paula Terra Bosch con el fin de poderle prestar y ofrecer nuestros servicios as\u00ed como para informarle de las mejoras del sitio Web. Asimismo, le informamos de la posibilidad de que ejerza los derechos de acceso, rectificaci\u00f3n, cancelaci\u00f3n y oposici\u00f3n de sus datos de car\u00e1cter personal, manera gratuita mediante email a <a href=\"mailto:info@kollen.design\">info@kollen.design<\/a> o en la direcci\u00f3n C\/ Era del Firmat, 50 2n 1a de Manresa (Barcelona)<\/p>\n<p><strong>Normas de utilizaci\u00f3n<\/strong><br \/>El Usuario se compromete a hacer un uso adecuado y l\u00edcito del Sitio Web as\u00ed como de los contenidos y servicios, de conformidad con la legislaci\u00f3n aplicable en cada momento, la moral y buenas costumbres generalmente aceptadas y el orden p\u00fablico.<\/p>\n<p>Queda prohibido realizar, por su parte, cualquier acci\u00f3n que pueda provocar alteraciones de los contenidos de esta WEB o un mal funcionamiento de la misma, incluyendo la introducci\u00f3n de virus o similares.<\/p>\n<p><strong>Propiedad intelectual<\/strong><br \/>Las p\u00e1ginas del SITIO WEB y la informaci\u00f3n y elementos que contiene, incluyendo textos, documentos, fotograf\u00edas, dibujos, representaciones gr\u00e1ficas, bases de datos, v\u00eddeos, as\u00ed como logotipos, marcas, nombres comerciales y otros signos distintivos, est\u00e1n protegidos por derechos de propiedad intelectual o industrial, de los que K\u00d6LLEN DESIGN o las empresas de su grupo son leg\u00edtimos titulares o licenciatarios.<\/p>\n<p>Queda prohibida cualquier forma de explotaci\u00f3n, incluyendo cualquier tipo de reproducci\u00f3n, distribuci\u00f3n, cesi\u00f3n a terceros, comunicaci\u00f3n p\u00fablica y transformaci\u00f3n, a trav\u00e9s de cualquier tipo de soporte y medio, sin autorizaci\u00f3n previa y expresa.<\/p>\n<p><strong>Responsabilidad<\/strong><br \/>Nuestra intenci\u00f3n es la de ofrecer un sitio WEB que ofrezca un funcionamiento continuado y de m\u00e1xima calidad.<\/p>\n<p>De todas formas, le informamos que no podemos garantizar el acceso continuado, y que las p\u00e1ginas se puedan encontrar impedidas, o interrumpidas por factores o circunstancias ajenas a nuestra voluntad.<\/p>\n<p>K\u00d6LLEN DESIGN no es responsable de la informaci\u00f3n y otros contenidos integrados en espacios o p\u00e1ginas web de terceros accesibles mediante enlaces, hiperv\u00ednculos o links.<\/p>\n<p>K\u00d6LLEN DESIGN no se hace responsable de los perjuicios que se pudieran derivar, entre otros, de:<\/p>\n<ul>\n<li>Interferencias, interrupciones, fallos, omisiones, aver\u00edas telef\u00f3nicas, retrasos, bloqueos o desconexiones en el funcionamiento del sistema electr\u00f3nico, motivadas por deficiencias, sobrecargas y errores en las l\u00edneas y redes de telecomunicaciones.<\/li>\n<li>Intromisiones ileg\u00edtimas mediante el uso de programas malignos de cualquier tipo y a trav\u00e9s de cualquier medio de comunicaci\u00f3n.<\/li>\n<li>Uso indebido o inadecuado del Sitio Web.<\/li>\n<li>Errores producidos por un mal funcionamiento del navegador o por el uso de versiones no actualizadas del mismo.<\/li>\n<\/ul>\n<p>El usuario, en caso de causar da\u00f1os y perjuicios por un uso il\u00edcito o incorrecto de este sitio WEB, podr\u00e1 ser reclamado de los da\u00f1os o perjuicios causados.<\/p>\n<p>Asimismo, el usuario responder\u00e1 frente a cualquier da\u00f1o y perjuicio, que se derive del uso por su parte de \u201crobots\u201d, \u201cspiders\u201d, \u2026 o herramientas similares empleadas con el fin de recabar o extraer datos o de cualquier otra actuaci\u00f3n por su parte que imponga una carga irrazonable sobre el funcionamiento del Sitio Web.<\/p>\n<h2 class=\"wp-block-heading\"><strong>Legislaci\u00f3n<\/strong><\/h2>\n<p>Cualquier controversia que surja o guarde relaci\u00f3n con el uso de la p\u00e1gina web ser\u00e1 sometida a la jurisdicci\u00f3n no exclusiva de los juzgados y tribunales espa\u00f1oles.<\/p>\n\t\t\t\t\t\t\t\t<\/div>\n\t\t\t\t<\/div>\n\t\t\t\t\t<\/div>\n\t\t\t\t<\/div>\n\t\t\t\t<\/div>\n\t\t","protected":false},"excerpt":{"rendered":"<p>Bienvenido a la p\u00e1gina web de Paula Terra Bosch (\u201cK\u00d6LLEN DESIGN). A continuaci\u00f3n, le exponemos las condiciones de uso de esta p\u00e1gina WEB. La navegaci\u00f3n por esta p\u00e1gina WEB le otorga el rol de usuario de la misma y, por tanto, acepta las cl\u00e1usulas detalladas en este documento. Identificaci\u00f3n Paula Terra Bosch (\u201cK\u00d6LLEN DESIGN\u201d), provisto [&hellip;]<\/p>\n","protected":false},"author":1,"featured_media":0,"parent":0,"menu_order":0,"comment_status":"closed","ping_status":"open","template":"","meta":{"_acf_changed":false,"_seopress_robots_primary_cat":"","_seopress_titles_title":"","_seopress_titles_desc":"","_seopress_robots_index":"yes","_mo_disable_npp":"","inline_featured_image":false,"footnotes":""},"class_list":["post-2655","page","type-page","status-publish","hentry"],"acf":[],"_links":{"self":[{"href":"https:\/\/www.kollen.design\/es\/wp-json\/wp\/v2\/pages\/2655","targetHints":{"allow":["GET"]}}],"collection":[{"href":"https:\/\/www.kollen.design\/es\/wp-json\/wp\/v2\/pages"}],"about":[{"href":"https:\/\/www.kollen.design\/es\/wp-json\/wp\/v2\/types\/page"}],"author":[{"embeddable":true,"href":"https:\/\/www.kollen.design\/es\/wp-json\/wp\/v2\/users\/1"}],"replies":[{"embeddable":true,"href":"https:\/\/www.kollen.design\/es\/wp-json\/wp\/v2\/comments?post=2655"}],"version-history":[{"count":0,"href":"https:\/\/www.kollen.design\/es\/wp-json\/wp\/v2\/pages\/2655\/revisions"}],"wp:attachment":[{"href":"https:\/\/www.kollen.design\/es\/wp-json\/wp\/v2\/media?parent=2655"}],"curies":[{"name":"wp","href":"https:\/\/api.w.org\/{rel}","templated":true}]}}