{"id":2586,"date":"2024-06-05T10:39:06","date_gmt":"2024-06-05T10:39:06","guid":{"rendered":"https:\/\/www.kollen.design\/about\/"},"modified":"2024-11-19T08:00:34","modified_gmt":"2024-11-19T08:00:34","slug":"about","status":"publish","type":"page","link":"https:\/\/www.kollen.design\/es\/about\/","title":{"rendered":"About"},"content":{"rendered":"\t\t<div data-elementor-type=\"wp-page\" data-elementor-id=\"2586\" class=\"elementor elementor-2586 elementor-1044\" data-elementor-post-type=\"page\">\n\t\t\t\t<div class=\"elementor-element elementor-element-3e9b351 e-flex e-con-boxed e-con e-parent\" data-id=\"3e9b351\" data-element_type=\"container\" data-e-type=\"container\" data-settings=\"{&quot;background_background&quot;:&quot;classic&quot;}\">\n\t\t\t\t\t<div class=\"e-con-inner\">\n\t\t<div class=\"elementor-element elementor-element-d6c93d5 e-flex e-con-boxed e-con e-child\" data-id=\"d6c93d5\" data-element_type=\"container\" data-e-type=\"container\" data-settings=\"{&quot;background_background&quot;:&quot;video&quot;,&quot;background_video_link&quot;:&quot;https:\\\/\\\/www.kollen.design\\\/\\\/wp-content\\\/uploads\\\/2024\\\/06\\\/kollen-loop-creative-process.mp4&quot;,&quot;background_play_on_mobile&quot;:&quot;yes&quot;}\">\n\t\t\t\t\t<div class=\"e-con-inner\">\n\t\t<div class=\"elementor-background-video-container\">\n\t\t\t\t\t\t\t<video class=\"elementor-background-video-hosted\" role=\"presentation\" autoplay muted playsinline loop><\/video>\n\t\t\t\t\t<\/div>\t\t<div class=\"elementor-element elementor-element-e518cc4 elementor-widget elementor-widget-heading\" data-id=\"e518cc4\" data-element_type=\"widget\" data-e-type=\"widget\" data-widget_type=\"heading.default\">\n\t\t\t\t<div class=\"elementor-widget-container\">\n\t\t\t\t\t<h3 class=\"elementor-heading-title elementor-size-default\">Detr\u00e1s de K\u00f6llen Design<\/h3>\t\t\t\t<\/div>\n\t\t\t\t<\/div>\n\t\t\t\t<div class=\"elementor-element elementor-element-193165e elementor-widget elementor-widget-heading\" data-id=\"193165e\" data-element_type=\"widget\" data-e-type=\"widget\" data-widget_type=\"heading.default\">\n\t\t\t\t<div class=\"elementor-widget-container\">\n\t\t\t\t\t<h2 class=\"elementor-heading-title elementor-size-default\">Pensamiento, pasi\u00f3n y dise\u00f1o de muebles.<\/h2>\t\t\t\t<\/div>\n\t\t\t\t<\/div>\n\t\t\t\t\t<\/div>\n\t\t\t\t<\/div>\n\t\t\t\t\t<\/div>\n\t\t\t\t<\/div>\n\t\t<div class=\"elementor-element elementor-element-39e1656 e-flex e-con-boxed e-con e-parent\" data-id=\"39e1656\" data-element_type=\"container\" data-e-type=\"container\" data-settings=\"{&quot;background_background&quot;:&quot;classic&quot;}\">\n\t\t\t\t\t<div class=\"e-con-inner\">\n\t\t<div class=\"elementor-element elementor-element-398a2f6 e-con-full e-flex e-con e-child\" data-id=\"398a2f6\" data-element_type=\"container\" data-e-type=\"container\">\n\t\t\t\t<div class=\"elementor-element elementor-element-e1413c6 elementor-widget elementor-widget-heading\" data-id=\"e1413c6\" data-element_type=\"widget\" data-e-type=\"widget\" data-widget_type=\"heading.default\">\n\t\t\t\t<div class=\"elementor-widget-container\">\n\t\t\t\t\t<h2 class=\"elementor-heading-title elementor-size-default\">K\u00f6llen Design<br>por Paula Terra<\/h2>\t\t\t\t<\/div>\n\t\t\t\t<\/div>\n\t\t\t\t<\/div>\n\t\t<div class=\"elementor-element elementor-element-66cf7ff e-con-full e-flex e-con e-child\" data-id=\"66cf7ff\" data-element_type=\"container\" data-e-type=\"container\">\n\t\t\t\t<div class=\"elementor-element elementor-element-99b90eb elementor-widget elementor-widget-text-editor\" data-id=\"99b90eb\" data-element_type=\"widget\" data-e-type=\"widget\" data-widget_type=\"text-editor.default\">\n\t\t\t\t<div class=\"elementor-widget-container\">\n\t\t\t\t\t\t\t\t\t<p>Un buen dise\u00f1o de producto incorpora funcionalidad y est\u00e9tica. Un buen dise\u00f1o de producto incorpora adaptabilidad y materiales naturales. <\/p>\n\t\t\t\t\t\t\t\t<\/div>\n\t\t\t\t<\/div>\n\t\t\t\t<div class=\"elementor-element elementor-element-c8ecdd6 elementor-widget elementor-widget-text-editor\" data-id=\"c8ecdd6\" data-element_type=\"widget\" data-e-type=\"widget\" data-widget_type=\"text-editor.default\">\n\t\t\t\t<div class=\"elementor-widget-container\">\n\t\t\t\t\t\t\t\t\t<p>K\u00f6llen Design es una firma de dise\u00f1o de producto de Barcelona que apuesta por dise\u00f1os funcionales y din\u00e1micos, buscando soluciones sencillas y pr\u00e1cticas. Dise\u00f1os creativos, \u00fanicos y hechos a mano.  Gran atenci\u00f3n al detalle, con materiales de alta calidad.<\/p>\n\t\t\t\t\t\t\t\t<\/div>\n\t\t\t\t<\/div>\n\t\t\t\t<\/div>\n\t\t\t\t\t<\/div>\n\t\t\t\t<\/div>\n\t\t<div class=\"elementor-element elementor-element-cd8f66a e-con-full e-flex e-con e-parent\" data-id=\"cd8f66a\" data-element_type=\"container\" data-e-type=\"container\" data-settings=\"{&quot;background_background&quot;:&quot;classic&quot;}\">\n\t\t<div class=\"elementor-element elementor-element-040212f e-flex e-con-boxed e-con e-child\" data-id=\"040212f\" data-element_type=\"container\" data-e-type=\"container\">\n\t\t\t\t\t<div class=\"e-con-inner\">\n\t\t\t\t<div class=\"elementor-element elementor-element-51aaad3 elementor-widget__width-initial elementor-widget elementor-widget-html\" data-id=\"51aaad3\" data-element_type=\"widget\" data-e-type=\"widget\" data-widget_type=\"html.default\">\n\t\t\t\t<div class=\"elementor-widget-container\">\n\t\t\t\t\t<div class=\"container\">\n<div class=\"horizontal-scrolling-items\">\n<div class=\"horizontal-scrolling-items__item\">Just I\u2019m [...] That's all. <\/div>\n<div class=\"horizontal-scrolling-items__item\"> Just I\u2019m [...] That's all. <\/div>\n<div class=\"horizontal-scrolling-items__item\"> Just I\u2019m [...] That's all. <\/div>\n<div class=\"horizontal-scrolling-items__item\"> Just I\u2019m [...] That's all. <\/div>\n<div class=\"horizontal-scrolling-items__item\"> Just I\u2019m [...] That's all. <\/div>\n\n<div class=\"horizontal-scrolling-items__item\"> Just I\u2019m [...] That's all. <\/div>\n\n<div class=\"horizontal-scrolling-items__item\"> Just I\u2019m [...] That's all. <\/div>\n\n<div class=\"horizontal-scrolling-items__item\"> Just I\u2019m [...] That's all. <\/div>\n\n<div class=\"horizontal-scrolling-items__item\"> Just I\u2019m [...] That's all. <\/div>\n\n<div class=\"horizontal-scrolling-items__item\"> Just I\u2019m [...] That's all. <\/div>\n\n<div class=\"horizontal-scrolling-items__item\"> Just I\u2019m [...] That's all. <\/div>\n\n<div class=\"horizontal-scrolling-items__item\"> Just I\u2019m [...] That's all. <\/div>\n\n<div class=\"horizontal-scrolling-items__item\"> Just I\u2019m [...] That's all. <\/div>\n\n<div class=\"horizontal-scrolling-items__item\"> Just I\u2019m [...] That's all. <\/div>\n\n<div class=\"horizontal-scrolling-items__item\"> Just I\u2019m [...] That's all. <\/div>\n\n<\/div>\n  \n<\/div>\t\t\t\t<\/div>\n\t\t\t\t<\/div>\n\t\t\t\t\t<\/div>\n\t\t\t\t<\/div>\n\t\t\t\t<\/div>\n\t\t<div class=\"elementor-element elementor-element-a0968ea elementor-hidden-tablet elementor-hidden-mobile e-flex e-con-boxed e-con e-parent\" data-id=\"a0968ea\" data-element_type=\"container\" data-e-type=\"container\" data-settings=\"{&quot;background_background&quot;:&quot;classic&quot;}\">\n\t\t\t\t\t<div class=\"e-con-inner\">\n\t\t\t\t<div class=\"elementor-element elementor-element-a984207 elementor-widget elementor-widget-heading\" data-id=\"a984207\" data-element_type=\"widget\" data-e-type=\"widget\" data-widget_type=\"heading.default\">\n\t\t\t\t<div class=\"elementor-widget-container\">\n\t\t\t\t\t<p class=\"elementor-heading-title elementor-size-default\">Functionality. <s>Ornament.<\/s>Thought. Silence. Observation. Night. Simple. Persistence. <s>Conventional.<\/s> Analytical.<s>Unconsciousness. <\/s>Creativity.     <\/p>\t\t\t\t<\/div>\n\t\t\t\t<\/div>\n\t\t\t\t\t<\/div>\n\t\t\t\t<\/div>\n\t\t<div class=\"elementor-element elementor-element-51577bd elementor-hidden-desktop e-flex e-con-boxed e-con e-parent\" data-id=\"51577bd\" data-element_type=\"container\" data-e-type=\"container\" data-settings=\"{&quot;background_background&quot;:&quot;classic&quot;}\">\n\t\t\t\t\t<div class=\"e-con-inner\">\n\t\t\t\t<div class=\"elementor-element elementor-element-83032d1 elementor-widget elementor-widget-heading\" data-id=\"83032d1\" data-element_type=\"widget\" data-e-type=\"widget\" data-widget_type=\"heading.default\">\n\t\t\t\t<div class=\"elementor-widget-container\">\n\t\t\t\t\t<p class=\"elementor-heading-title elementor-size-default\">Functionality. <br><s>Ornament.<\/s><br>Thought.<br>Silence. <br>Observation. <br>Night.<br>Simple.<br>Persistence. <br><s>Conventional.<\/s> <br>Analytical.<br><s>Unconsciousness. <\/s><br>Creativity.<\/p>\t\t\t\t<\/div>\n\t\t\t\t<\/div>\n\t\t\t\t\t<\/div>\n\t\t\t\t<\/div>\n\t\t<div class=\"elementor-element elementor-element-b2d4a45 e-flex e-con-boxed e-con e-parent\" data-id=\"b2d4a45\" data-element_type=\"container\" data-e-type=\"container\">\n\t\t\t\t\t<div class=\"e-con-inner\">\n\t\t<div class=\"elementor-element elementor-element-4e0a387 e-flex e-con-boxed e-con e-child\" data-id=\"4e0a387\" data-element_type=\"container\" data-e-type=\"container\" data-settings=\"{&quot;background_background&quot;:&quot;classic&quot;}\">\n\t\t\t\t\t<div class=\"e-con-inner\">\n\t\t<div class=\"elementor-element elementor-element-5730675 e-con-full e-flex e-con e-child\" data-id=\"5730675\" data-element_type=\"container\" data-e-type=\"container\">\n\t\t\t\t<div class=\"elementor-element elementor-element-6a211ee elementor-widget elementor-widget-heading\" data-id=\"6a211ee\" data-element_type=\"widget\" data-e-type=\"widget\" data-widget_type=\"heading.default\">\n\t\t\t\t<div class=\"elementor-widget-container\">\n\t\t\t\t\t<h2 class=\"elementor-heading-title elementor-size-default\">Paula Terra Bosch<\/h2>\t\t\t\t<\/div>\n\t\t\t\t<\/div>\n\t\t\t\t<div class=\"elementor-element elementor-element-18c5c44 elementor-widget elementor-widget-heading\" data-id=\"18c5c44\" data-element_type=\"widget\" data-e-type=\"widget\" data-widget_type=\"heading.default\">\n\t\t\t\t<div class=\"elementor-widget-container\">\n\t\t\t\t\t<h5 class=\"elementor-heading-title elementor-size-default\">Fundadora &amp; Dise\u00f1adora <\/h5>\t\t\t\t<\/div>\n\t\t\t\t<\/div>\n\t\t\t\t<div class=\"elementor-element elementor-element-f332430 elementor-widget elementor-widget-text-editor\" data-id=\"f332430\" data-element_type=\"widget\" data-e-type=\"widget\" data-widget_type=\"text-editor.default\">\n\t\t\t\t<div class=\"elementor-widget-container\">\n\t\t\t\t\t\t\t\t\t<p>Paula Terra es una entusiasta del dise\u00f1o. Vive con pasi\u00f3n el dise\u00f1o, la innovaci\u00f3n y el desarrollo de nuevos productos, disfruta de los desaf\u00edos y vive para trabajar en el dise\u00f1o. Paula es el tipo de adicta al trabajo que se entusiasma desarrollando ideas ingeniosas y comparti\u00e9ndolas con el mundo.  <\/p>\n<p>Corta pero intensa carrera profesional, distinguida con m\u00e1s de 35 premios internacionales y 25 exposiciones en todo el mundo.<\/p>\n<div id=\"gtx-trans\" style=\"position: absolute; left: -36px; top: -10px;\">\n<div class=\"gtx-trans-icon\"> <\/div>\n<\/div>\n\t\t\t\t\t\t\t\t<\/div>\n\t\t\t\t<\/div>\n\t\t\t\t<div class=\"elementor-element elementor-element-a36a5a9 elementor-widget-divider--view-line elementor-widget elementor-widget-divider\" data-id=\"a36a5a9\" data-element_type=\"widget\" data-e-type=\"widget\" data-widget_type=\"divider.default\">\n\t\t\t\t<div class=\"elementor-widget-container\">\n\t\t\t\t\t\t\t<div class=\"elementor-divider\">\n\t\t\t<span class=\"elementor-divider-separator\">\n\t\t\t\t\t\t<\/span>\n\t\t<\/div>\n\t\t\t\t\t\t<\/div>\n\t\t\t\t<\/div>\n\t\t\t\t<div class=\"elementor-element elementor-element-9ad4579 elementor-widget elementor-widget-heading\" data-id=\"9ad4579\" data-element_type=\"widget\" data-e-type=\"widget\" data-widget_type=\"heading.default\">\n\t\t\t\t<div class=\"elementor-widget-container\">\n\t\t\t\t\t<h5 class=\"elementor-heading-title elementor-size-default\">\u00ab Cogito, ergo sum\u00bb<br>\u00ab Design, ergo sum.\u00bb<\/h5>\t\t\t\t<\/div>\n\t\t\t\t<\/div>\n\t\t\t\t<div class=\"elementor-element elementor-element-034d6a7 elementor-widget elementor-widget-image\" data-id=\"034d6a7\" data-element_type=\"widget\" data-e-type=\"widget\" data-widget_type=\"image.default\">\n\t\t\t\t<div class=\"elementor-widget-container\">\n\t\t\t\t\t\t\t\t\t\t\t\t\t\t\t<img fetchpriority=\"high\" decoding=\"async\" width=\"800\" height=\"273\" src=\"https:\/\/www.kollen.design\/wp-content\/uploads\/2024\/06\/firma.svg\" class=\"attachment-large size-large wp-image-2102\" alt=\"\" \/>\t\t\t\t\t\t\t\t\t\t\t\t\t\t\t<\/div>\n\t\t\t\t<\/div>\n\t\t\t\t<\/div>\n\t\t<div class=\"elementor-element elementor-element-ffa90ac e-flex e-con-boxed e-con e-child\" data-id=\"ffa90ac\" data-element_type=\"container\" data-e-type=\"container\" data-settings=\"{&quot;background_background&quot;:&quot;classic&quot;}\">\n\t\t\t\t\t<div class=\"e-con-inner\">\n\t\t\t\t<div class=\"elementor-element elementor-element-923242d elementor-widget elementor-widget-spacer\" data-id=\"923242d\" data-element_type=\"widget\" data-e-type=\"widget\" data-widget_type=\"spacer.default\">\n\t\t\t\t<div class=\"elementor-widget-container\">\n\t\t\t\t\t\t\t<div class=\"elementor-spacer\">\n\t\t\t<div class=\"elementor-spacer-inner\"><\/div>\n\t\t<\/div>\n\t\t\t\t\t\t<\/div>\n\t\t\t\t<\/div>\n\t\t\t\t\t<\/div>\n\t\t\t\t<\/div>\n\t\t\t\t\t<\/div>\n\t\t\t\t<\/div>\n\t\t\t\t\t<\/div>\n\t\t\t\t<\/div>\n\t\t<div class=\"elementor-element elementor-element-7409e59 e-con-full e-flex e-con e-parent\" data-id=\"7409e59\" data-element_type=\"container\" data-e-type=\"container\">\n\t\t<div class=\"elementor-element elementor-element-3a13108 e-con-full e-flex e-con e-child\" data-id=\"3a13108\" data-element_type=\"container\" data-e-type=\"container\">\n\t\t\t\t<div class=\"elementor-element elementor-element-a48dea4 elementor-widget elementor-widget-heading\" data-id=\"a48dea4\" data-element_type=\"widget\" data-e-type=\"widget\" data-widget_type=\"heading.default\">\n\t\t\t\t<div class=\"elementor-widget-container\">\n\t\t\t\t\t<h2 class=\"elementor-heading-title elementor-size-default\">Premios<\/h2>\t\t\t\t<\/div>\n\t\t\t\t<\/div>\n\t\t\t\t<div class=\"elementor-element elementor-element-0072e94 elementor-widget elementor-widget-text-editor\" data-id=\"0072e94\" data-element_type=\"widget\" data-e-type=\"widget\" data-widget_type=\"text-editor.default\">\n\t\t\t\t<div class=\"elementor-widget-container\">\n\t\t\t\t\t\t\t\t\t<p><span class=\"gold\">Jordi Amat Wood Design, Golden prize.<\/span> Sky, 2024.<\/p>\n<p><span class=\"gold\">Jordi Amat Wood Design, Bronze prize.<\/span> Flu, 2024.<\/p>\n<p><span class=\"gold\">IF Design Award Winner.<\/span> K\u00f6llen Loop, 2023.<\/p>\n<p><span class=\"gold\">Jordi Amat Wood Design, Golden prize.<\/span> Flick, 2023.<\/p>\n<p><span class=\"gold\">Jordi Amat Wood Design, Golden prize.<\/span> Pixel, 2023.<\/p>\n<p><span class=\"gold\">C-IDEA Design Awards, New Star Award.<\/span> K\u00f6llen Loop, 2022.<\/p>\n<p><span class=\"gold\">European Product Design Awards, Honorable Mention.<\/span> K\u00f6llen Loop, 2022.<\/p>\n<p><span class=\"gold\">C-IDEA Design Awards, C-IDEA selection.<\/span> Eco Huzz, 2022.<\/p>\n<p><span class=\"gold\">Delta Awards by ADI-FAD, Bronze prize.<\/span> K\u00f6llen Loop, 2022.<\/p>\n<p><span class=\"gold\">ASIA Design Prize.<\/span> Dr\u00f6p. Non-invasive treatment for diabetes, 2021. <\/p>\n<p><span class=\"gold\">ASIA Design Prize.<\/span> Xiro, 2021.<\/p>\n<p><span class=\"gold\">ADI Medals by ADI-FAD, SIlver prize.<\/span> Dr\u00f6p. Non-invasive treatment for diabetes, 2021. <\/p>\n<p><span class=\"gold\">C-IDEA Design Awards.<\/span> Dr\u00f6p. Non-invasive treatment for diabetes, 2020. <\/p>\n<p><span class=\"gold\">European Product Design Awards, Platinum Prize.<\/span> Dr\u00f6p. Non-invasive treatment for diabetes, 2019. <\/p>\n<p><span class=\"gold\">A\u2019Design Award &amp; Competition, Honorable mention.<\/span> Dr\u00f6p. Non-invasive treatment for diabetes, 2019. <\/p>\n<p><span class=\"gold\">A\u2019Design Award &amp; Competition, Silver award. <\/span> K\u00f6llen Eget, 2019.<\/p>\n<p><span class=\"gold\">Jordi Amat Wood Design, Golden prize.<\/span> Huzz, 2019.<\/p>\n<p><span class=\"gold\">BUILD Magazine, Best Furniture Design Studio (Barcelona).<\/span> K\u00f6llen Design, 2019.<\/p>\n<p><span class=\"gold\">EINA (UAB).<\/span> Extraordinary award for the Degree in Design, 2019.<\/p>\n<p><span class=\"gold\">BUILD Magazine, Design Firm of the Year (Spain).<\/span> K\u00f6llen Design, 2019.<\/p>\n<p><span class=\"gold\">Glassberries Design Aards by BA Glass. <\/span> Smurfitt Kappa selection. 2019. <\/p>\n<p><span class=\"gold\"> Award &amp; Competition, Silver Prize. <\/span> K\u00f6llen Tryk, 2018.<\/p>\n<p><span class=\"gold\">A\u2019Design Award &amp; Competition, Silver Prize.<\/span> K\u00f6llen Bookshelf, 2018.<\/p>\n<p><span class=\"gold\">Jordi Amat Wood Design, Golden prize.<\/span> K\u00f6llen Tryk, 2018.<\/p>\n<p><span class=\"gold\">Jordi Amat Wood Design, Silver prize.<\/span> K\u00f6llen Eget, 2018.<\/p>\n<p><span class=\"gold\">European Newspaper Award, Infographics online. <\/span> Igraphic, 2018.<\/p>\n<p><span class=\"gold\">Glassberries Design Aards by BA Glass.<\/span> Silver Glassberry, 2017.<\/p>\n<p><span class=\"gold\">Houzz, Best of Houzz.<\/span> Customer service, 2016.<\/p>\n\t\t\t\t\t\t\t\t<\/div>\n\t\t\t\t<\/div>\n\t\t\t\t<\/div>\n\t\t<div class=\"elementor-element elementor-element-8756b19 e-con-full e-flex e-con e-child\" data-id=\"8756b19\" data-element_type=\"container\" data-e-type=\"container\">\n\t\t\t\t<div class=\"elementor-element elementor-element-b06543d elementor-widget elementor-widget-heading\" data-id=\"b06543d\" data-element_type=\"widget\" data-e-type=\"widget\" data-widget_type=\"heading.default\">\n\t\t\t\t<div class=\"elementor-widget-container\">\n\t\t\t\t\t<h2 class=\"elementor-heading-title elementor-size-default\">Exhibitions<\/h2>\t\t\t\t<\/div>\n\t\t\t\t<\/div>\n\t\t\t\t<div class=\"elementor-element elementor-element-4ebcc11 elementor-widget elementor-widget-text-editor\" data-id=\"4ebcc11\" data-element_type=\"widget\" data-e-type=\"widget\" data-widget_type=\"text-editor.default\">\n\t\t\t\t<div class=\"elementor-widget-container\">\n\t\t\t\t\t\t\t\t\t<p><span class=\"gold\">C-IDEA Design Award.<\/span> Kerry Packer Civic Gallery, Australia. K\u00f6llen Loop, 2022. <\/p>\n<p><span class=\"gold\">The best design of the year.<\/span> Barcelona Design Museum (ADI-FAD). K\u00f6llen Loop, 2022. <\/p>\n<p><span class=\"gold\">The best design of the year.<\/span> Barcelona Design Museum (ADI-FAD). Dr\u00f6p, 2021. <\/p>\n<p><span class=\"gold\">EINA, Espai Barra de Ferro.<\/span> Barcelona . Convex, 2019. <\/p>\n<p><span class=\"gold\">A\u2019Design Award &amp; Competition.<\/span> Hebei Design Center Exhibition Hebei Industrial Design Innovation Center. K\u00f6llen Eget, 2019. <\/p>\n<p><span class=\"gold\">A\u2019Design Award &amp; Competition.<\/span> Hebei International Industrial Design Week, Rongcheng Civil Sports Center. K\u00f6llen Eget, 2019. <\/p>\n<p><span class=\"gold\">A\u2019Design Award &amp; Competition.<\/span> International Industrial Design Week Shenzhen Convention and Exhibition Center. K\u00f6llen Eget, 2019. <\/p>\n<p><span class=\"gold\">A\u2019Design Award &amp; Competition.<\/span> Mumbai \u2013 The Lalit Mumbai. Festival of Architecture and Interior Designing Conference. K\u00f6llen Eget, 2019.  <\/p>\n<p><span class=\"gold\">A\u2019Design Award &amp; Competition.<\/span> Delhi \u2013 The Lalit New Delhi. Festival of Architecture and Interior Designing Conference. K\u00f6llen Eget, 2019.  <\/p>\n<p><span class=\"gold\">A\u2019Design Award &amp; Competition.<\/span> Italy, MOOD Museum of Design. K\u00f6llen Eget, 2019. <br \/><span class=\"gold\">Espacio Simon 100.<\/span> Pro-eject! Dr\u00f6p, 2019. <\/p>\n<p><span class=\"gold\">A\u2019Design Award &amp; Competition.<\/span> Mumbai. K\u00f6llen Tryk &amp; K\u00f6llen Bookshelf, 2018. <\/p>\n<p><span class=\"gold\">A\u2019Design Award &amp; Competition.<\/span> Shenzhe. K\u00f6llen Tryk &amp; K\u00f6llen Bookshelf, 2018. <\/p>\n<p><span class=\"gold\">A\u2019Design Award &amp; Competition.<\/span> Xiong\u2019an. K\u00f6llen Tryk &amp; K\u00f6llen Bookshelf, 2018. <\/p>\n<p><span class=\"gold\">A\u2019Design Award &amp; Competition.<\/span> Hebei Design Center and Museum, Shijiazhuang (Permanent Exhibition). K\u00f6llen Tryk &amp; K\u00f6llen Bookshelf, 2018. <\/p>\n<p><span class=\"gold\">A\u2019Design Award &amp; Competition.<\/span> Italy, MOOD Museum of Design. K\u00f6llen Tryk &amp; K\u00f6llen Bookshelf, 2018. <\/p>\n<p><span class=\"gold\">Fuorisalone, Milan Design Week.<\/span> Milan Design Market. K\u00f6llen Bookshelf, 2018. <br \/><span class=\"gold\">Ventura Future. Milan Design Week. <\/span> K\u00f6llen Eget, 2018.<\/p>\n<p><span class=\"gold\">Design Market. Barcelona Design Museum.  <\/span>K\u00f6llen Bookshelf, 2018.<\/p>\n<p><span class=\"gold\">Renault. France, Too easy, Innovation Room. <\/span> Renault Technocentre. K\u00f6llen Bookshelf, 2017-2018. <\/p>\n<p><span class=\"gold\">Salone del Mobile Milano.<\/span> Salone Satellite, Furniture Fair Milan, K\u00f6llen Bookshelf, 2017.<\/p>\n<p><span class=\"gold\">EINA, Espai Barra de Ferro. <\/span>Barcelona . K\u00f6llen Design, 2016. <\/p>\n<p><span class=\"gold\">Habitat Fair in Valencia. <\/span>Valencia, NUDE. K\u00f6llen Bookshelf, 2016. <\/p>\n\t\t\t\t\t\t\t\t<\/div>\n\t\t\t\t<\/div>\n\t\t\t\t<\/div>\n\t\t\t\t<\/div>\n\t\t<div class=\"elementor-element elementor-element-09d6ecc e-flex e-con-boxed e-con e-parent\" data-id=\"09d6ecc\" data-element_type=\"container\" data-e-type=\"container\">\n\t\t\t\t\t<div class=\"e-con-inner\">\n\t\t\t\t<div class=\"elementor-element elementor-element-211a952 elementor-widget elementor-widget-heading\" data-id=\"211a952\" data-element_type=\"widget\" data-e-type=\"widget\" data-widget_type=\"heading.default\">\n\t\t\t\t<div class=\"elementor-widget-container\">\n\t\t\t\t\t<h2 class=\"elementor-heading-title elementor-size-default\">\u00bfQuieres colaborar? <\/h2>\t\t\t\t<\/div>\n\t\t\t\t<\/div>\n\t\t\t\t<div class=\"elementor-element elementor-element-fc2b35f elementor-align-center elementor-widget elementor-widget-button\" data-id=\"fc2b35f\" data-element_type=\"widget\" data-e-type=\"widget\" data-widget_type=\"button.default\">\n\t\t\t\t<div class=\"elementor-widget-container\">\n\t\t\t\t\t\t\t\t\t<div class=\"elementor-button-wrapper\">\n\t\t\t\t\t<a class=\"elementor-button elementor-button-link elementor-size-sm\" href=\"https:\/\/www.kollen.design\/es\/contacto\/\">\n\t\t\t\t\t\t<span class=\"elementor-button-content-wrapper\">\n\t\t\t\t\t\t\t\t\t<span class=\"elementor-button-text\">Contacta con nosotros<\/span>\n\t\t\t\t\t<\/span>\n\t\t\t\t\t<\/a>\n\t\t\t\t<\/div>\n\t\t\t\t\t\t\t\t<\/div>\n\t\t\t\t<\/div>\n\t\t\t\t\t<\/div>\n\t\t\t\t<\/div>\n\t\t\t\t<\/div>\n\t\t","protected":false},"excerpt":{"rendered":"<p>Detr\u00e1s de K\u00f6llen Design Pensamiento, pasi\u00f3n y dise\u00f1o de muebles. K\u00f6llen Designpor Paula Terra Un buen dise\u00f1o de producto incorpora funcionalidad y est\u00e9tica. Un buen dise\u00f1o de producto incorpora adaptabilidad y materiales naturales. K\u00f6llen Design es una firma de dise\u00f1o de producto de Barcelona que apuesta por dise\u00f1os funcionales y din\u00e1micos, buscando soluciones sencillas y [&hellip;]<\/p>\n","protected":false},"author":1,"featured_media":0,"parent":0,"menu_order":0,"comment_status":"closed","ping_status":"closed","template":"","meta":{"_acf_changed":false,"_seopress_robots_primary_cat":"","_seopress_titles_title":"","_seopress_titles_desc":"","_seopress_robots_index":"","_mo_disable_npp":"","inline_featured_image":false,"footnotes":""},"class_list":["post-2586","page","type-page","status-publish","hentry"],"acf":[],"_links":{"self":[{"href":"https:\/\/www.kollen.design\/es\/wp-json\/wp\/v2\/pages\/2586","targetHints":{"allow":["GET"]}}],"collection":[{"href":"https:\/\/www.kollen.design\/es\/wp-json\/wp\/v2\/pages"}],"about":[{"href":"https:\/\/www.kollen.design\/es\/wp-json\/wp\/v2\/types\/page"}],"author":[{"embeddable":true,"href":"https:\/\/www.kollen.design\/es\/wp-json\/wp\/v2\/users\/1"}],"replies":[{"embeddable":true,"href":"https:\/\/www.kollen.design\/es\/wp-json\/wp\/v2\/comments?post=2586"}],"version-history":[{"count":0,"href":"https:\/\/www.kollen.design\/es\/wp-json\/wp\/v2\/pages\/2586\/revisions"}],"wp:attachment":[{"href":"https:\/\/www.kollen.design\/es\/wp-json\/wp\/v2\/media?parent=2586"}],"curies":[{"name":"wp","href":"https:\/\/api.w.org\/{rel}","templated":true}]}}