{"id":2577,"date":"2024-06-07T11:24:52","date_gmt":"2024-06-07T11:24:52","guid":{"rendered":"https:\/\/www.kollen.design\/condiciones-generales\/"},"modified":"2024-11-18T23:07:38","modified_gmt":"2024-11-18T23:07:38","slug":"condiciones-generales","status":"publish","type":"page","link":"https:\/\/www.kollen.design\/es\/condiciones-generales\/","title":{"rendered":"Condiciones generales"},"content":{"rendered":"\t\t<div data-elementor-type=\"wp-page\" data-elementor-id=\"2577\" class=\"elementor elementor-2577 elementor-1600\" data-elementor-post-type=\"page\">\n\t\t\t\t<div class=\"elementor-element elementor-element-423f6f4 e-flex e-con-boxed e-con e-parent\" data-id=\"423f6f4\" data-element_type=\"container\" data-e-type=\"container\">\n\t\t\t\t\t<div class=\"e-con-inner\">\n\t\t\t\t<div class=\"elementor-element elementor-element-5a1a8f4 elementor-widget elementor-widget-heading\" data-id=\"5a1a8f4\" data-element_type=\"widget\" data-e-type=\"widget\" data-widget_type=\"heading.default\">\n\t\t\t\t<div class=\"elementor-widget-container\">\n\t\t\t\t\t<h2 class=\"elementor-heading-title elementor-size-default\">Condiciones generales<\/h2>\t\t\t\t<\/div>\n\t\t\t\t<\/div>\n\t\t\t\t<div class=\"elementor-element elementor-element-6fa997e elementor-widget elementor-widget-text-editor\" data-id=\"6fa997e\" data-element_type=\"widget\" data-e-type=\"widget\" data-widget_type=\"text-editor.default\">\n\t\t\t\t<div class=\"elementor-widget-container\">\n\t\t\t\t\t\t\t\t\t<p>El titular del sitio web <a href=\"https:\/\/www.deporvillage.com\/\">https:\/\/www.kollen.design<\/a> (el \u201c<strong>Sitio Web<\/strong>\u201d) K\u00d6LLEN DESIGN es PAULA TERRA BOSCH, (\u201c<strong>K\u00d6LLEN DESIGN<\/strong>\u201d) que opera bajo el nombre comercial \u2018K\u00d6LLEN DESIGN\u00ae\u2019 y cuyos datos de identificaci\u00f3n son los siguientes:<\/p>\n<p><strong>Domicilio social:<\/strong> Era Firmat, 50, 2n 1\u00aa \u2013 08241 Manresa (Barcelona)<br \/><strong>N.I.F.n\u00ba<\/strong>: 39395935V<br \/><strong>Email<\/strong>: <a href=\"mailto:info@kollen.design\">info@kollen.design<\/a><br \/><strong>Tel\u00e9fono<\/strong>: (+34) 93 872 49 36<\/p>\n<\/p>\n<hr class=\"wp-block-separator has-text-color has-background has-black-background-color has-black-color is-style-wide\">\n<p><strong>Acceso al Sitio Web<\/strong><\/p>\n<p>Las presentes Condiciones Generales de Acceso y Uso regulan el acceso y utilizaci\u00f3n del Sitio Web que K\u00d6LLEN DESIGN pone a disposici\u00f3n de los usuarios de Internet que sean mayores de 14 a\u00f1os y que tiene por objeto facilitar al usuario informaci\u00f3n relativa a K\u00d6LLEN DESIGN y sus productos y\/o servicios.<\/p>\n<p>El acceso y utilizaci\u00f3n del Sitio Web por el usuario conlleva la aceptaci\u00f3n de las presentes Condiciones Generales de Acceso y Uso. Por lo tanto, le rogamos que lea atentamente las Condiciones Generales de Acceso y Uso cuando se proponga utilizar el Sitio Web ya que \u00e9stas podr\u00e1n ser adaptadas y\/o modificadas en cualquier momento. <\/p>\n<p>Si no acepta las presentes Condiciones Generales, le rogamos se abstenga de utilizar el Sitio Web y su contenido.<\/p>\n<p><strong>Utilizaci\u00f3n del Sitio Web<\/strong><\/p>\n<p>El usuario se compromete a hacer un uso diligente del Sitio Web, as\u00ed como de la informaci\u00f3n relativa a los productos y\/o servicios contenida en el mismo, con total sujeci\u00f3n tanto a la normativa aplicable como a las presentes Condiciones Generales de Acceso y Uso.<\/p>\n<p>Asimismo, el usuario se compromete a no realizar acto alguno con objeto de da\u00f1ar, inutilizar y\/o sobrecargar el Sitio Web, o que impidiera, de cualquier forma, la normal utilizaci\u00f3n y\/o funcionamiento del mismo.<\/p>\n<p>K\u00d6LLEN DESIGN se reserva el derecho de retirar, en cualquier momento, y, de forma unilateral los contenidos de cualquier secci\u00f3n del Sitio Web, cuando, por su contenido, K\u00d6LLEN DESIGN lo estime pertinente. En todo caso, para interponer cualquier reclamaci\u00f3n relacionada con los contenidos del Sitio Web, hay que enviar un correo electr\u00f3nico a <a href=\"mailto:info@kollen.design\">info@kollen.design<\/a> . <\/p>\n<p>Se informa al usuario de que, en el caso de que incumpla las Condiciones Generales de Acceso y Uso o cualesquiera otros t\u00e9rminos o condiciones recogidos en el Sitio Web, K\u00d6LLEN DESIGN se reserva el derecho a limitar, suspender y\/o terminar su acceso al Sitio Web, adoptando cualquier medida t\u00e9cnica que sea necesaria al efecto.<\/p>\n<p>K\u00d6LLEN DESIGN realiza sus mejores esfuerzos para mantener el Sitio Web en buen funcionamiento, evitando errores o, en su caso, repar\u00e1ndolos, y manteniendo los contenidos del Sitio Web debidamente actualizados. No obstante, K\u00d6LLEN DESIGN no garantiza la disponibilidad y continuidad en el acceso al Sitio Web ni la inexistencia de errores en sus contenidos, as\u00ed como tampoco que estos \u00faltimos sean oportunamente actualizados. <\/p>\n<p>K\u00d6LLEN DESIGN se reserva la facultad de efectuar, en cualquier momento y sin necesidad de previo aviso, modificaciones, supresiones y\/o actualizaciones sobre la informaci\u00f3n contenida en el Sitio Web, su configuraci\u00f3n o presentaci\u00f3n.<\/p>\n<p><strong>Responsabilidad<\/strong><\/p>\n<p>Tanto el acceso al Sitio Web como el uso que pueda hacerse de cualquier informaci\u00f3n que contiene, se realizan bajo la responsabilidad exclusiva del usuario.<\/p>\n<p>K\u00d6LLEN DESIGN no se responsabiliza de cualesquiera da\u00f1os y\/o perjuicios que pudieran derivarse, directa o indirectamente, del acceso o uso de la informaci\u00f3n contenida en el Sitio Web y, especialmente, de aquella informaci\u00f3n relativa a terceros distintos de K\u00d6LLEN DESIGN, incluy\u00e9ndose, pero no limit\u00e1ndose, a los productos en los sistemas inform\u00e1ticos o los provocados por la introducci\u00f3n de virus y\/o ataques inform\u00e1ticos y tampoco ser\u00e1 responsable de los da\u00f1os que pudieran sufrir los usuarios por un uso inadecuado del Sitio Web ni de las ca\u00eddas, interrupciones, ausencia y\/o defecto en las comunicaciones.<\/p>\n<p>En concreto, K\u00d6LLEN DESIGN deja expresa constancia de que toda la informaci\u00f3n relativa a las especificaciones de sus productos que, en su caso, se contenga en el Sitio Web no sustituye a las condiciones de contrataci\u00f3n de K\u00d6LLEN DESIGN, a las que deber\u00e1 remitirse el usuario para la adquisici\u00f3n y el correcto uso de los mismos, por lo que se recuerda al usuario la necesidad de proceder a la lectura atenta de toda la documentaci\u00f3n que se acompa\u00f1e junto con los productos adquiridos.<\/p>\n<p>Asimismo, K\u00d6LLEN DESIGN manifiesta que la informaci\u00f3n suministrada al usuario como resultado de las consultas espec\u00edficas relativas a los productos ofrecidos en el Sitio Web tiene car\u00e1cter meramente indicativo, por lo que no asume responsabilidad alguna derivada de cualesquiera da\u00f1os y\/o perjuicios que pudieran derivarse, directa o indirectamente, de la utilizaci\u00f3n por parte del usuario de dicha informaci\u00f3n suministrada.<\/p>\n<p>Adicionalmente, K\u00d6LLEN DESIGN no se hace responsable de ning\u00fan da\u00f1o y\/o perjuicio en el software o hardware del usuario que se derive del acceso al Sitio Web.<\/p>\n<p>K\u00d6LLEN DESIGN, tampoco ser\u00e1 responsable por la informaci\u00f3n enviada por el usuario cuando no tenga conocimiento efectivo de que la informaci\u00f3n almacenada es il\u00edcita o de que pueda lesionar derechos de un tercero. En el momento que se tenga conocimiento efectivo de que contiene datos como los anteriormente referidos, K\u00d6LLEN DESIGN se compromete a actuar con diligencia para retirarlos o hacer imposible el acceso a ellos. <\/p>\n<p>El usuario responder\u00e1 de los da\u00f1os y perjuicios de toda naturaleza que K\u00d6LLEN DESIGN pueda sufrir como consecuencia del incumplimiento de cualesquiera de las obligaciones a las que queda sometido en virtud de las Condiciones Generales de Acceso y Uso o de la legislaci\u00f3n aplicable en relaci\u00f3n con la utilizaci\u00f3n del Sitio Web.<\/p>\n<p><strong>Redes Sociales<\/strong><\/p>\n<p>K\u00d6LLEN DESIGN dispone de perfiles en algunas redes sociales (como, por ejemplo, en Facebook, LinkedIn, Pinterest, Youtube, Vimeo, Google+, o Instagram), con la finalidad de informar sobre sus productos y\/o servicios.<\/p>\n<p>Los usuarios que se adhiera a alguno de los perfiles abiertos por K\u00d6LLEN DESIGN en las redes sociales deber\u00e1 respetar y cumplir los t\u00e9rminos y condiciones de la red social de que se trate.<\/p>\n<p>K\u00d6LLEN DESIGN podr\u00e1 acceder a la informaci\u00f3n de car\u00e1cter p\u00fablico de los usuarios de la red social, enviar mensajes individuales cuando la red social lo permita, si bien no ser\u00e1n incorporados a ning\u00fan fichero, salvo que se indique lo contrario.<\/p>\n<p>K\u00d6LLEN DESIGN realizar\u00e1 las siguientes actuaciones:<\/p>\n<p>\u2022 Acceso a la informaci\u00f3n p\u00fablica del perfil del usuario<\/p>\n<p>\u2022 A solicitud del usuario, publicaci\u00f3n en su perfil de informaci\u00f3n que, previamente, ya haya sido publicada por K\u00d6LLEN DESIGN<\/p>\n<p>\u2022 Enviar mensajes individuales a trav\u00e9s de los canales de la red social, cuando est\u00e9n permitidos<\/p>\n<p>\u2022 Actualizaciones del estado de la p\u00e1gina que se mostrar\u00e1n en el perfil del usuario<\/p>\n<p>K\u00d6LLEN DESIGN se reserva el derecho a realizar concursos, promociones y\/o sorteos a trav\u00e9s de sus cuentas en las redes sociales y en los que podr\u00e1n participar los usuarios que est\u00e9n adheridos a sus perfiles.<\/p>\n<p><strong>Blogs y foros<\/strong><\/p>\n<p>Los usuarios del Sitio Web podr\u00e1n introducir sus propios contenidos en los blogs y foros de K\u00d6LLEN DESIGN, de conformidad con los t\u00e9rminos y condiciones previstos en las Condiciones Generales de Acceso y Uso.<\/p>\n<p>La persona identificada, en cada caso, como la que ha remitido los contenidos ser\u00e1 responsable de los mismos. En ning\u00fan caso, los contenidos reflejar\u00e1n, la opini\u00f3n de K\u00d6LLEN DESIGN. <\/p>\n<p>K\u00d6LLEN DESIGN no se responsabiliza de los posibles errores, inexactitudes o irregularidades que puedan contener los contenidos publicados, as\u00ed como de los da\u00f1os o perjuicios que se pudieran derivar por la inserci\u00f3n de los contenidos en las secciones de la red social u otras plataformas que, en su caso, permitan esta clase de servicios.<\/p>\n<p>El usuario suministrador de los contenidos cede a K\u00d6LLEN DESIGN, en cualquier tipo de soporte, los derechos para su reproducci\u00f3n, uso, distribuci\u00f3n, comunicaci\u00f3n p\u00fablica o cualquier otro tipo de actividad sobre los mismos.<\/p>\n<p>Asimismo, el usuario suministrador declara ser el titular de los derechos sobre los contenidos, en su caso, o garantiza que dispone de los derechos y autorizaciones necesarios del autor o propietario, para su uso por parte de K\u00d6LLEN DESIGN.<\/p>\n<p>K\u00d6LLEN DESIGN no se responsabiliza, de los da\u00f1os o perjuicios que se pudieran ocasionar por el uso, reproducci\u00f3n, distribuci\u00f3n o comunicaci\u00f3n p\u00fablica o cualquier otro tipo de actividad que realice sobre los contenidos que se encuentren protegidos por derechos de propiedad intelectual pertenecientes a terceros, sin que el usuario haya obtenido, debidamente, de sus titulares la autorizaci\u00f3n necesaria para llevar a cabo el uso que pretenda efectuar.<\/p>\n<p><strong>Publicidad<\/strong><\/p>\n<p>K\u00d6LLEN DESIGN podr\u00e1 incluir en su Sitio Web contenidos publicitarios y\/o patrocinios de terceros. Los anunciantes y patrocinadores ser\u00e1n los \u00fanicos responsables de asegurarse de que el material remitido para su inclusi\u00f3n en el Sitio Web cumple \u00edntegramente con la legislaci\u00f3n que, en cada caso, puedan ser de aplicaci\u00f3n.<\/p>\n<p>K\u00d6LLEN DESIGN no ser\u00e1 responsable de cualquier error, inexactitud y\/o irregularidad que puedan incluir los contenidos publicitarios o de los patrocinadores.<\/p>\n<p><strong>Pol\u00edtica en materia de enlaces (\u201c<em>links<\/em>\u201d)<\/strong><\/p>\n<p><strong>a) Enlaces con el Sitio Web<\/strong><\/p>\n<p>Aquellos terceros que tengan intenci\u00f3n de incluir en un sitio web (\u201c<strong>Sitio Enlazante<\/strong>\u201d) un enlace que dirija al Sitio Web, o un enmarcado con el mismo, deber\u00e1n obtener necesariamente el consentimiento previo, expreso y por escrito de K\u00d6LLEN DESIGN.<\/p>\n<p>En ning\u00fan caso, la autorizaci\u00f3n otorgada por K\u00d6LLEN DESIGN significa que avale, promocione, garantice, supervise y\/o recomiende el contenido y\/o los servicios del Sitio Enlazante ni que sea responsable del contenido del mismo.<\/p>\n<p>El Sitio Enlazante deber\u00e1 cumplir con la legislaci\u00f3n vigente y no podr\u00e1, en ning\u00fan caso, albergar contenidos, propios o de terceros, que sean il\u00edcitos y\/o nocivos (violentos, racistas, denigrantes, etc.); y\/o resulten inapropiados o no pertinentes en relaci\u00f3n con los productos y\/o servicios de K\u00d6LLEN DESIGN.<\/p>\n<p>En el supuesto de incumplimiento de cualquier de los t\u00e9rminos referidos anteriormente, K\u00d6LLEN DESIGN proceder\u00e1, de forma inmediata, a la revocaci\u00f3n del consentimiento otorgado al Sitio Enlazante, que deber\u00e1 suprimir el enlace.<\/p>\n<p><strong>b) Enlaces con otros sitios web<\/strong><\/p>\n<p>En el Sitio Web pueden incluirse distintos enlaces que permiten al usuario acceder a otros sitios web (\u201c<strong>Sitios Enlazados<\/strong>\u201d).<\/p>\n<p>En ning\u00fan caso, la existencia de Sitios Enlazados comporta recomendaci\u00f3n, promoci\u00f3n, identificaci\u00f3n y\/o conformidad de K\u00d6LLEN DESIGN, con las manifestaciones, contenidos y\/o servicios proporcionados a trav\u00e9s de los Sitios Enlazados.<\/p>\n<p>En consecuencia, K\u00d6LLEN DESIGN no se hace responsable del contenido, condiciones de uso, pol\u00edticas de privacidad y dem\u00e1s condiciones de los Sitios Enlazados, siendo el usuario el \u00fanico responsable de comprobarlos y aceptarlos cada vez que acceda y use los mismos.<\/p>\n<p><strong>Propiedad intelectual e industrial<\/strong><\/p>\n<p>Todos los derechos de propiedad intelectual, dise\u00f1os, bases de datos, programas de ordenador subyacentes (incluidos los c\u00f3digos fuente), as\u00ed como los distintos elementos que integran el Sitio Web (textos, gr\u00e1ficos, fotograf\u00edas, videos, grabaciones sonoras, combinaciones de colores, etc.) [\u201c<strong>Contenidos<\/strong>\u201d], su estructura, selecci\u00f3n y orden, son titularidad de K\u00d6LLEN DESIGN o, en su caso, de sus licenciantes.<\/p>\n<p>K\u00d6LLEN DESIGN es un nombre comercial registrado a nombre de K\u00d6LLEN DESIGN en la Oficina Espa\u00f1ola de Patentes y Marcas y, a su vez, una marca registrada en la Oficina de Registro de Marcas de la Uni\u00f3n Europea, por lo que queda expresamente prohibido cualquier uso de la misma, o de cualquier signo identificativo similar, que pueda llevar a confusi\u00f3n sobre su origen o titularidad por terceros sin la previa autorizaci\u00f3n por escrito de K\u00d6LLEN DESIGN. Asimismo, los nombres de dominio www.kollen.design en los que est\u00e1 alojado el Sitio Web son titularidad de K\u00d6LLEN DESIGN.<\/p>\n<p>Mediante las presentes Condiciones Generales de Acceso y Uso, queda expresamente prohibido al usuario la reproducci\u00f3n, transformaci\u00f3n, distribuci\u00f3n, comunicaci\u00f3n p\u00fablica, puesta a disposici\u00f3n, extracci\u00f3n y\/o cualquier otra forma de difusi\u00f3n no autorizadas expresamente del Sitio Web, sus Contenidos y\/o los signos distintivos y nombres de dominio titularidad de K\u00d6LLEN DESIGN.<\/p>\n<p>La utilizaci\u00f3n no autorizada de los Contenidos, as\u00ed como los da\u00f1os y perjuicios ocasionados en los derechos de propiedad intelectual e industrial de K\u00d6LLEN DESIGN, pueden dar lugar al ejercicio de las acciones que legalmente le correspondan, y a las responsabilidades que, en su caso, se deriven de los mismos.<\/p>\n<p>El uso del Sitio Web por el usuario no supone la cesi\u00f3n a su favor por parte de K\u00d6LLEN DESIGN de derecho alguno de propiedad intelectual y\/o industrial sobre el Sitio Web y los Contenidos.<\/p>\n<p><strong>Nulidad<\/strong><\/p>\n<p>Si cualquiera de las cl\u00e1usulas de las Condiciones Generales de Acceso y Uso fuese declarada, total o parcialmente, nula o ineficaz, tal nulidad o ineficacia afectar\u00e1 s\u00f3lo a dicha disposici\u00f3n o a la parte de la misma que resulte nula o ineficaz y las mismas permanecer\u00e1n vigentes en todo lo dem\u00e1s, teni\u00e9ndose por no puesta tal disposici\u00f3n o la parte de la misma que resulte afectada.<\/p>\n<p>A tales efectos, las Condiciones Generales de Acceso y Uso s\u00f3lo dejar\u00e1n de tener validez exclusivamente respecto de la disposici\u00f3n nula o ineficaz, y ninguna otra parte o disposici\u00f3n del mismo quedar\u00e1 anulada, invalidada, perjudicada o afectada por tal nulidad o ineficacia, salvo que por resultar esencial hubiese de afectar a las Condiciones Generales de Acceso y Uso de forma integral.<\/p>\n<p><strong>Protecci\u00f3n de datos de car\u00e1cter personal<\/strong><\/p>\n<p>Los aspectos relativos al tratamiento de los datos personales de los usuarios del Sitio Web se regulan en la Pol\u00edtica de Privacidad del Sitio Web.<\/p>\n<p><strong>Legislaci\u00f3n aplicable y jurisdicci\u00f3n<\/strong><\/p>\n<p>El acceso y utilizaci\u00f3n del Sitio Web se regir\u00e1 e interpretar\u00e1 de conformidad con la legislaci\u00f3n espa\u00f1ola.<\/p>\n<p>En el supuesto de que surja cualquier conflicto o discrepancia en la interpretaci\u00f3n y\/o aplicaci\u00f3n de las Condiciones Generales, los Juzgados competentes ser\u00e1n los que disponga la normativa legal aplicable.<\/p>\n\t\t\t\t\t\t\t\t<\/div>\n\t\t\t\t<\/div>\n\t\t\t\t\t<\/div>\n\t\t\t\t<\/div>\n\t\t\t\t<\/div>\n\t\t","protected":false},"excerpt":{"rendered":"<p>El titular del sitio web https:\/\/www.kollen.design (el \u201cSitio Web\u201d) K\u00d6LLEN DESIGN es PAULA TERRA BOSCH, (\u201cK\u00d6LLEN DESIGN\u201d) que opera bajo el nombre comercial \u2018K\u00d6LLEN DESIGN\u00ae\u2019 y cuyos datos de identificaci\u00f3n son los siguientes: Domicilio social: Era Firmat, 50, 2n 1\u00aa \u2013 08241 Manresa (Barcelona)N.I.F.n\u00ba: 39395935VEmail: info@kollen.designTel\u00e9fono: (+34) 93 872 49 36 Acceso al Sitio Web [&hellip;]<\/p>\n","protected":false},"author":1,"featured_media":0,"parent":0,"menu_order":0,"comment_status":"closed","ping_status":"open","template":"","meta":{"_acf_changed":false,"_seopress_robots_primary_cat":"","_seopress_titles_title":"","_seopress_titles_desc":"","_seopress_robots_index":"yes","_mo_disable_npp":"","inline_featured_image":false,"footnotes":""},"class_list":["post-2577","page","type-page","status-publish","hentry"],"acf":[],"_links":{"self":[{"href":"https:\/\/www.kollen.design\/es\/wp-json\/wp\/v2\/pages\/2577","targetHints":{"allow":["GET"]}}],"collection":[{"href":"https:\/\/www.kollen.design\/es\/wp-json\/wp\/v2\/pages"}],"about":[{"href":"https:\/\/www.kollen.design\/es\/wp-json\/wp\/v2\/types\/page"}],"author":[{"embeddable":true,"href":"https:\/\/www.kollen.design\/es\/wp-json\/wp\/v2\/users\/1"}],"replies":[{"embeddable":true,"href":"https:\/\/www.kollen.design\/es\/wp-json\/wp\/v2\/comments?post=2577"}],"version-history":[{"count":0,"href":"https:\/\/www.kollen.design\/es\/wp-json\/wp\/v2\/pages\/2577\/revisions"}],"wp:attachment":[{"href":"https:\/\/www.kollen.design\/es\/wp-json\/wp\/v2\/media?parent=2577"}],"curies":[{"name":"wp","href":"https:\/\/api.w.org\/{rel}","templated":true}]}}