{"id":2571,"date":"2024-08-01T13:06:07","date_gmt":"2024-08-01T13:06:07","guid":{"rendered":"https:\/\/www.kollen.design\/blog\/"},"modified":"2024-11-18T21:52:05","modified_gmt":"2024-11-18T21:52:05","slug":"blog","status":"publish","type":"page","link":"https:\/\/www.kollen.design\/es\/blog\/","title":{"rendered":"Blog"},"content":{"rendered":"\t\t<div data-elementor-type=\"wp-page\" data-elementor-id=\"2571\" class=\"elementor elementor-2571 elementor-2182\" data-elementor-post-type=\"page\">\n\t\t\t\t<div class=\"elementor-element elementor-element-b9995cc e-con-full e-flex e-con e-parent\" data-id=\"b9995cc\" data-element_type=\"container\" data-e-type=\"container\">\n\t\t\t\t<div class=\"elementor-element elementor-element-14400ca elementor-widget elementor-widget-heading\" data-id=\"14400ca\" data-element_type=\"widget\" data-e-type=\"widget\" data-widget_type=\"heading.default\">\n\t\t\t\t<div class=\"elementor-widget-container\">\n\t\t\t\t\t<h2 class=\"elementor-heading-title elementor-size-default\">_Blog<\/h2>\t\t\t\t<\/div>\n\t\t\t\t<\/div>\n\t\t\t\t<div class=\"elementor-element elementor-element-eea289a elementor-widget elementor-widget-spacer\" data-id=\"eea289a\" data-element_type=\"widget\" data-e-type=\"widget\" data-widget_type=\"spacer.default\">\n\t\t\t\t<div class=\"elementor-widget-container\">\n\t\t\t\t\t\t\t<div class=\"elementor-spacer\">\n\t\t\t<div class=\"elementor-spacer-inner\"><\/div>\n\t\t<\/div>\n\t\t\t\t\t\t<\/div>\n\t\t\t\t<\/div>\n\t\t\t\t<div class=\"elementor-element elementor-element-1f57ed3 elementor-grid-4 elementor-grid-tablet-2 elementor-grid-mobile-1 elementor-widget elementor-widget-loop-grid\" data-id=\"1f57ed3\" data-element_type=\"widget\" data-e-type=\"widget\" data-settings=\"{&quot;template_id&quot;:2625,&quot;columns&quot;:4,&quot;masonry&quot;:&quot;yes&quot;,&quot;_skin&quot;:&quot;post&quot;,&quot;columns_tablet&quot;:&quot;2&quot;,&quot;columns_mobile&quot;:&quot;1&quot;,&quot;edit_handle_selector&quot;:&quot;[data-elementor-type=\\&quot;loop-item\\&quot;]&quot;,&quot;row_gap&quot;:{&quot;unit&quot;:&quot;px&quot;,&quot;size&quot;:&quot;&quot;,&quot;sizes&quot;:[]},&quot;row_gap_tablet&quot;:{&quot;unit&quot;:&quot;px&quot;,&quot;size&quot;:&quot;&quot;,&quot;sizes&quot;:[]},&quot;row_gap_mobile&quot;:{&quot;unit&quot;:&quot;px&quot;,&quot;size&quot;:&quot;&quot;,&quot;sizes&quot;:[]}}\" data-widget_type=\"loop-grid.post\">\n\t\t\t\t<div class=\"elementor-widget-container\">\n\t\t\t\t\t\t\t<div class=\"elementor-loop-container elementor-grid\" role=\"list\">\n\t\t<style id=\"loop-2625\">.elementor-2625 .elementor-element.elementor-element-bee8e6b{--display:flex;--flex-direction:column;--container-widget-width:calc( ( 1 - var( --container-widget-flex-grow ) ) * 100% );--container-widget-height:initial;--container-widget-flex-grow:0;--container-widget-align-self:initial;--flex-wrap-mobile:wrap;--align-items:center;--gap:0px 0px;--row-gap:0px;--column-gap:0px;--border-radius:20px 20px 20px 20px;--padding-top:0px;--padding-bottom:0px;--padding-left:0px;--padding-right:0px;}.elementor-2625 .elementor-element.elementor-element-bee8e6b:not(.elementor-motion-effects-element-type-background), .elementor-2625 .elementor-element.elementor-element-bee8e6b > .elementor-motion-effects-container > .elementor-motion-effects-layer{background-color:#02010100;}.elementor-2625 .elementor-element.elementor-element-bee8e6b:hover{box-shadow:0px 0px 15px 5px rgba(0, 0, 0, 0.15);}.elementor-2625 .elementor-element.elementor-element-bee8e6b.e-con{--flex-grow:0;--flex-shrink:0;}.elementor-2625 .elementor-element.elementor-element-c61601d{--display:flex;--border-radius:0px 0px 20px 20px;--padding-top:0px;--padding-bottom:0px;--padding-left:0px;--padding-right:0px;}.elementor-2625 .elementor-element.elementor-element-c61601d:not(.elementor-motion-effects-element-type-background), .elementor-2625 .elementor-element.elementor-element-c61601d > .elementor-motion-effects-container > .elementor-motion-effects-layer{background-color:#02010100;}.elementor-2625 .elementor-element.elementor-element-fdde573 img{border-radius:20px 20px 0px 0px;}.elementor-2625 .elementor-element.elementor-element-fdde573 > .elementor-widget-container{background-color:#02010100;}.elementor-2625 .elementor-element.elementor-element-984c11a{--display:flex;--flex-direction:row;--container-widget-width:initial;--container-widget-height:100%;--container-widget-flex-grow:1;--container-widget-align-self:stretch;--flex-wrap-mobile:wrap;--border-radius:0px 0px 20px 20px;--margin-top:-20px;--margin-bottom:0px;--margin-left:0px;--margin-right:0px;--padding-top:20px;--padding-bottom:20px;--padding-left:20px;--padding-right:20px;}.elementor-2625 .elementor-element.elementor-element-984c11a:not(.elementor-motion-effects-element-type-background), .elementor-2625 .elementor-element.elementor-element-984c11a > .elementor-motion-effects-container > .elementor-motion-effects-layer{background-color:#FFFFFF;}.elementor-2625 .elementor-element.elementor-element-f371944{--display:flex;--padding-top:0px;--padding-bottom:0px;--padding-left:0px;--padding-right:0px;}.elementor-2625 .elementor-element.elementor-element-5b29472 .elementor-heading-title{font-family:\"Barlow\", Sans-serif;font-weight:400;line-height:1.2em;color:var( --e-global-color-accent );}.elementor-2625 .elementor-element.elementor-element-7e4987a{--display:flex;--padding-top:0px;--padding-bottom:0px;--padding-left:0px;--padding-right:0px;}.elementor-2625 .elementor-element.elementor-element-79d366d .elementor-icon-wrapper{text-align:end;}.elementor-2625 .elementor-element.elementor-element-79d366d .elementor-icon{font-size:25px;}.elementor-2625 .elementor-element.elementor-element-79d366d .elementor-icon svg{height:25px;}.elementor-2625 .elementor-element.elementor-element-79d366d > .elementor-widget-container{padding:0px 0px 0px 0px;}@media(min-width:768px){.elementor-2625 .elementor-element.elementor-element-bee8e6b{--width:100.244%;}.elementor-2625 .elementor-element.elementor-element-f371944{--width:70%;}.elementor-2625 .elementor-element.elementor-element-7e4987a{--width:30%;}}<\/style>\t\t<div data-elementor-type=\"loop-item\" data-elementor-id=\"2625\" class=\"elementor elementor-2625 elementor-2190 elementor-2190 e-loop-item e-loop-item-2179 post-2179 post type-post status-publish format-standard has-post-thumbnail hentry category-sin-categorizar\" data-elementor-post-type=\"elementor_library\" data-custom-edit-handle=\"1\">\n\t\t\t<a class=\"elementor-element elementor-element-bee8e6b e-con-full e-flex e-con e-parent\" data-id=\"bee8e6b\" data-element_type=\"container\" data-e-type=\"container\" data-settings=\"{&quot;background_background&quot;:&quot;classic&quot;}\" href=\"https:\/\/www.kollen.design\/es\/conocias-el-proceso-creativo-detras-de-kollen-loop-descubrelo\/\">\n\t\t<div class=\"elementor-element elementor-element-c61601d e-flex e-con-boxed e-con e-child\" data-id=\"c61601d\" data-element_type=\"container\" data-e-type=\"container\" data-settings=\"{&quot;background_background&quot;:&quot;classic&quot;}\">\n\t\t\t\t\t<div class=\"e-con-inner\">\n\t\t\t\t<div class=\"elementor-element elementor-element-fdde573 elementor-widget elementor-widget-image\" data-id=\"fdde573\" data-element_type=\"widget\" data-e-type=\"widget\" data-widget_type=\"image.default\">\n\t\t\t\t<div class=\"elementor-widget-container\">\n\t\t\t\t\t\t\t\t\t\t\t\t\t\t\t<img fetchpriority=\"high\" decoding=\"async\" width=\"1200\" height=\"801\" src=\"https:\/\/www.kollen.design\/wp-content\/uploads\/2024\/07\/sketch-loop-1.jpg\" class=\"attachment-full size-full wp-image-2148\" alt=\"minimalist design\" srcset=\"https:\/\/www.kollen.design\/wp-content\/uploads\/2024\/07\/sketch-loop-1.jpg 1200w, https:\/\/www.kollen.design\/wp-content\/uploads\/2024\/07\/sketch-loop-1-300x200.jpg 300w, https:\/\/www.kollen.design\/wp-content\/uploads\/2024\/07\/sketch-loop-1-1024x684.jpg 1024w, https:\/\/www.kollen.design\/wp-content\/uploads\/2024\/07\/sketch-loop-1-768x513.jpg 768w, https:\/\/www.kollen.design\/wp-content\/uploads\/2024\/07\/sketch-loop-1-600x401.jpg 600w\" sizes=\"(max-width: 1200px) 100vw, 1200px\" \/>\t\t\t\t\t\t\t\t\t\t\t\t\t\t\t<\/div>\n\t\t\t\t<\/div>\n\t\t<div class=\"elementor-element elementor-element-984c11a e-con-full e-flex e-con e-child\" data-id=\"984c11a\" data-element_type=\"container\" data-e-type=\"container\" data-settings=\"{&quot;background_background&quot;:&quot;classic&quot;}\">\n\t\t<div class=\"elementor-element elementor-element-f371944 e-con-full e-flex e-con e-child\" data-id=\"f371944\" data-element_type=\"container\" data-e-type=\"container\">\n\t\t\t\t<div class=\"elementor-element elementor-element-5b29472 elementor-widget elementor-widget-theme-post-title elementor-page-title elementor-widget-heading\" data-id=\"5b29472\" data-element_type=\"widget\" data-e-type=\"widget\" data-widget_type=\"theme-post-title.default\">\n\t\t\t\t<div class=\"elementor-widget-container\">\n\t\t\t\t\t<h3 class=\"elementor-heading-title elementor-size-default\">\u00bfConoc\u00edas el proceso creativo detr\u00e1s de K\u00f6llen Loop? Desc\u00fabrelo<br><\/h3>\t\t\t\t<\/div>\n\t\t\t\t<\/div>\n\t\t\t\t<\/div>\n\t\t<div class=\"elementor-element elementor-element-7e4987a e-con-full e-flex e-con e-child\" data-id=\"7e4987a\" data-element_type=\"container\" data-e-type=\"container\">\n\t\t\t\t<div class=\"elementor-element elementor-element-79d366d elementor-view-default elementor-widget elementor-widget-icon\" data-id=\"79d366d\" data-element_type=\"widget\" data-e-type=\"widget\" data-widget_type=\"icon.default\">\n\t\t\t\t<div class=\"elementor-widget-container\">\n\t\t\t\t\t\t\t<div class=\"elementor-icon-wrapper\">\n\t\t\t<div class=\"elementor-icon elementor-animation-float\">\n\t\t\t<svg xmlns=\"http:\/\/www.w3.org\/2000\/svg\" id=\"Layer_1\" data-name=\"Layer 1\" viewBox=\"0 0 12 12\"><defs><style>      .cls-1 {        fill: none;        stroke: #000;        stroke-linecap: round;        stroke-linejoin: round;        stroke-width: 2px;      }    <\/style><\/defs><path class=\"cls-1\" d=\"M1,11L11,1M11,1H2M11,1v9\"><\/path><\/svg>\t\t\t<\/div>\n\t\t<\/div>\n\t\t\t\t\t\t<\/div>\n\t\t\t\t<\/div>\n\t\t\t\t<\/div>\n\t\t\t\t<\/div>\n\t\t\t\t\t<\/div>\n\t\t\t\t<\/div>\n\t\t\t\t<\/a>\n\t\t\t\t<\/div>\n\t\t\t\t<\/div>\n\t\t\n\t\t\t\t\t\t<\/div>\n\t\t\t\t<\/div>\n\t\t\t\t<div class=\"elementor-element elementor-element-39d4277 elementor-widget elementor-widget-spacer\" data-id=\"39d4277\" data-element_type=\"widget\" data-e-type=\"widget\" data-widget_type=\"spacer.default\">\n\t\t\t\t<div class=\"elementor-widget-container\">\n\t\t\t\t\t\t\t<div class=\"elementor-spacer\">\n\t\t\t<div class=\"elementor-spacer-inner\"><\/div>\n\t\t<\/div>\n\t\t\t\t\t\t<\/div>\n\t\t\t\t<\/div>\n\t\t\t\t<\/div>\n\t\t\t\t<\/div>\n\t\t","protected":false},"excerpt":{"rendered":"<p>_Blog<\/p>\n","protected":false},"author":1,"featured_media":0,"parent":0,"menu_order":0,"comment_status":"closed","ping_status":"closed","template":"","meta":{"_acf_changed":false,"_seopress_robots_primary_cat":"","_seopress_titles_title":"","_seopress_titles_desc":"","_seopress_robots_index":"","_mo_disable_npp":"","inline_featured_image":false,"footnotes":""},"class_list":["post-2571","page","type-page","status-publish","hentry"],"acf":[],"_links":{"self":[{"href":"https:\/\/www.kollen.design\/es\/wp-json\/wp\/v2\/pages\/2571","targetHints":{"allow":["GET"]}}],"collection":[{"href":"https:\/\/www.kollen.design\/es\/wp-json\/wp\/v2\/pages"}],"about":[{"href":"https:\/\/www.kollen.design\/es\/wp-json\/wp\/v2\/types\/page"}],"author":[{"embeddable":true,"href":"https:\/\/www.kollen.design\/es\/wp-json\/wp\/v2\/users\/1"}],"replies":[{"embeddable":true,"href":"https:\/\/www.kollen.design\/es\/wp-json\/wp\/v2\/comments?post=2571"}],"version-history":[{"count":0,"href":"https:\/\/www.kollen.design\/es\/wp-json\/wp\/v2\/pages\/2571\/revisions"}],"wp:attachment":[{"href":"https:\/\/www.kollen.design\/es\/wp-json\/wp\/v2\/media?parent=2571"}],"curies":[{"name":"wp","href":"https:\/\/api.w.org\/{rel}","templated":true}]}}